{"id":5512,"date":"2025-11-21T13:26:27","date_gmt":"2025-11-21T12:26:27","guid":{"rendered":"https:\/\/www.thecircleprogrammes.com\/the-faculty\/"},"modified":"2026-02-18T14:22:08","modified_gmt":"2026-02-18T13:22:08","slug":"lequipe","status":"publish","type":"page","link":"https:\/\/www.thecircleprogrammes.com\/fr\/lequipe\/","title":{"rendered":"L&rsquo;\u00e9quipe"},"content":{"rendered":"\t\t<div data-elementor-type=\"wp-page\" data-elementor-id=\"5512\" class=\"elementor elementor-5512 elementor-630\" data-elementor-post-type=\"page\">\n\t\t\t\t<div class=\"elementor-element elementor-element-77553167 e-flex e-con-boxed e-con e-parent\" data-id=\"77553167\" data-element_type=\"container\">\n\t\t\t\t\t<div class=\"e-con-inner\">\n\t\t\t\t<div class=\"elementor-element elementor-element-1a225d85 elementor-widget elementor-widget-heading\" data-id=\"1a225d85\" data-element_type=\"widget\" data-widget_type=\"heading.default\">\n\t\t\t\t\t<h1 class=\"elementor-heading-title elementor-size-default\">L\u2019Equipe The Circle<\/h1>\t\t\t\t<\/div>\n\t\t\t\t\t<\/div>\n\t\t\t\t<\/div>\n\t\t<div class=\"elementor-element elementor-element-5f3687b e-flex e-con-boxed e-con e-parent\" data-id=\"5f3687b\" data-element_type=\"container\">\n\t\t\t\t\t<div class=\"e-con-inner\">\n\t\t\t\t<div class=\"elementor-element elementor-element-4a02973 elementor-widget elementor-widget-text-editor\" data-id=\"4a02973\" data-element_type=\"widget\" data-widget_type=\"text-editor.default\">\n\t\t\t\t\t\t\t\t\t<p>L&rsquo;\u00e9quipe du Circle est compos\u00e9e de Coachs Ex\u00e9cutifs form\u00e9s et dipl\u00f4m\u00e9s en tant que Psychoth\u00e9rapeutes et\/ou Psychologues. Leur exp\u00e9rience et leurs qualifications vous permettront d&rsquo;aller plus loin dans l&rsquo;exploration de vous-m\u00eame pour identifier les \u00e9v\u00e9nements, les personnes et les situations susceptibles de vous emp\u00eacher de vous reconnecter \u00e0 votre V\u00e9ritable Soi ou de le d\u00e9couvrir.<\/p><p>Nous vous prions de visiter leur profil et, apr\u00e8s ton inscription, de les contacter pour programmer un entretien de 30 minutes afin d&rsquo;expliquer ta situation de vie actuelle et comment tu t&rsquo;attends \u00e0 ce que le programme The Circle puisse t&rsquo;aider.<\/p>\t\t\t\t\t\t\t\t<\/div>\n\t\t\t\t<div class=\"elementor-element elementor-element-b8c35c3 elementor-grid-4 elementor-grid-laptop-3 elementor-grid-tablet-2 elementor-grid-mobile-1 elementor-widget elementor-widget-loop-grid\" data-id=\"b8c35c3\" data-element_type=\"widget\" data-settings=\"{&quot;template_id&quot;:666,&quot;columns&quot;:4,&quot;columns_laptop&quot;:3,&quot;_skin&quot;:&quot;post&quot;,&quot;columns_tablet&quot;:&quot;2&quot;,&quot;columns_mobile&quot;:&quot;1&quot;,&quot;edit_handle_selector&quot;:&quot;[data-elementor-type=\\&quot;loop-item\\&quot;]&quot;,&quot;row_gap&quot;:{&quot;unit&quot;:&quot;px&quot;,&quot;size&quot;:&quot;&quot;,&quot;sizes&quot;:[]},&quot;row_gap_laptop&quot;:{&quot;unit&quot;:&quot;px&quot;,&quot;size&quot;:&quot;&quot;,&quot;sizes&quot;:[]},&quot;row_gap_tablet_extra&quot;:{&quot;unit&quot;:&quot;px&quot;,&quot;size&quot;:&quot;&quot;,&quot;sizes&quot;:[]},&quot;row_gap_tablet&quot;:{&quot;unit&quot;:&quot;px&quot;,&quot;size&quot;:&quot;&quot;,&quot;sizes&quot;:[]},&quot;row_gap_mobile_extra&quot;:{&quot;unit&quot;:&quot;px&quot;,&quot;size&quot;:&quot;&quot;,&quot;sizes&quot;:[]},&quot;row_gap_mobile&quot;:{&quot;unit&quot;:&quot;px&quot;,&quot;size&quot;:&quot;&quot;,&quot;sizes&quot;:[]}}\" data-widget_type=\"loop-grid.post\">\n\t\t\t\t<div class=\"elementor-widget-container\">\n\t\t\t\t\t\t\t<div class=\"elementor-loop-container elementor-grid\" role=\"list\">\n\t\t<style id=\"loop-666\">.elementor-666 .elementor-element.elementor-element-13acce0e{--display:flex;--flex-direction:column;--container-widget-width:100%;--container-widget-height:initial;--container-widget-flex-grow:0;--container-widget-align-self:initial;--flex-wrap-mobile:wrap;--gap:0px 0px;--row-gap:0px;--column-gap:0px;--border-radius:40px 40px 20px 20px;box-shadow:0px 4px 44px 0px rgba(0, 0, 0, 0.1);--margin-top:0px;--margin-bottom:0px;--margin-left:0px;--margin-right:0px;--padding-top:0px;--padding-bottom:0px;--padding-left:0px;--padding-right:0px;}.elementor-666 .elementor-element.elementor-element-13acce0e.e-con:hover{--e-con-transform-translateY:10px;}.elementor-666 .elementor-element.elementor-element-13acce0e:hover{box-shadow:0px 2px 25px 0px rgba(0, 0, 0, 0.2);}.elementor-666 .elementor-element.elementor-element-d75003f img{width:100%;max-width:100%;height:320px;border-radius:30px 30px 0px 0px;}.elementor-666 .elementor-element.elementor-element-93d0b3d{--display:flex;--gap:10px 0px;--row-gap:10px;--column-gap:0px;--margin-top:0px;--margin-bottom:0px;--margin-left:0px;--margin-right:0px;--padding-top:20px;--padding-bottom:20px;--padding-left:20px;--padding-right:20px;}.elementor-666 .elementor-element.elementor-element-64fc7f0b .elementor-heading-title{font-family:\"Fahkwang\", Sans-serif;font-size:20px;font-weight:800;color:var( --e-global-color-secondary );}.elementor-666 .elementor-element.elementor-element-9a0a93d .elementor-heading-title{font-family:\"Inter\", Sans-serif;font-size:16px;font-weight:400;line-height:22px;color:var( --e-global-color-secondary );}.elementor-666 .elementor-element.elementor-element-9a0a93d .elementor-heading-title a:hover, .elementor-666 .elementor-element.elementor-element-9a0a93d .elementor-heading-title a:focus{color:var( --e-global-color-accent );}@media(max-width:1024px){.elementor-666 .elementor-element.elementor-element-64fc7f0b .elementor-heading-title{font-size:20px;line-height:20px;}}@media(max-width:767px){.elementor-666 .elementor-element.elementor-element-64fc7f0b{text-align:left;}.elementor-666 .elementor-element.elementor-element-64fc7f0b .elementor-heading-title{font-size:20px;line-height:30px;}}<\/style>\t\t<div data-elementor-type=\"loop-item\" data-elementor-id=\"666\" class=\"elementor elementor-666 e-loop-item e-loop-item-5959 post-5959 docente type-docente status-publish has-post-thumbnail hentry\" data-elementor-post-type=\"elementor_library\" data-custom-edit-handle=\"1\">\n\t\t\t<a class=\"elementor-element elementor-element-13acce0e e-con-full card-hover-effect e-transform e-flex e-con e-parent\" data-id=\"13acce0e\" data-element_type=\"container\" data-settings=\"{&quot;_transform_translateY_effect_hover&quot;:{&quot;unit&quot;:&quot;px&quot;,&quot;size&quot;:10,&quot;sizes&quot;:[]},&quot;_transform_translateX_effect_hover&quot;:{&quot;unit&quot;:&quot;px&quot;,&quot;size&quot;:&quot;&quot;,&quot;sizes&quot;:[]},&quot;_transform_translateX_effect_hover_laptop&quot;:{&quot;unit&quot;:&quot;px&quot;,&quot;size&quot;:&quot;&quot;,&quot;sizes&quot;:[]},&quot;_transform_translateX_effect_hover_tablet_extra&quot;:{&quot;unit&quot;:&quot;px&quot;,&quot;size&quot;:&quot;&quot;,&quot;sizes&quot;:[]},&quot;_transform_translateX_effect_hover_tablet&quot;:{&quot;unit&quot;:&quot;px&quot;,&quot;size&quot;:&quot;&quot;,&quot;sizes&quot;:[]},&quot;_transform_translateX_effect_hover_mobile_extra&quot;:{&quot;unit&quot;:&quot;px&quot;,&quot;size&quot;:&quot;&quot;,&quot;sizes&quot;:[]},&quot;_transform_translateX_effect_hover_mobile&quot;:{&quot;unit&quot;:&quot;px&quot;,&quot;size&quot;:&quot;&quot;,&quot;sizes&quot;:[]},&quot;_transform_translateY_effect_hover_laptop&quot;:{&quot;unit&quot;:&quot;px&quot;,&quot;size&quot;:&quot;&quot;,&quot;sizes&quot;:[]},&quot;_transform_translateY_effect_hover_tablet_extra&quot;:{&quot;unit&quot;:&quot;px&quot;,&quot;size&quot;:&quot;&quot;,&quot;sizes&quot;:[]},&quot;_transform_translateY_effect_hover_tablet&quot;:{&quot;unit&quot;:&quot;px&quot;,&quot;size&quot;:&quot;&quot;,&quot;sizes&quot;:[]},&quot;_transform_translateY_effect_hover_mobile_extra&quot;:{&quot;unit&quot;:&quot;px&quot;,&quot;size&quot;:&quot;&quot;,&quot;sizes&quot;:[]},&quot;_transform_translateY_effect_hover_mobile&quot;:{&quot;unit&quot;:&quot;px&quot;,&quot;size&quot;:&quot;&quot;,&quot;sizes&quot;:[]}}\" href=\"https:\/\/www.thecircleprogrammes.com\/fr\/docente\/mario-castagnetta\/\">\n\t\t\t\t<div class=\"elementor-element elementor-element-d75003f elementor-widget elementor-widget-image\" data-id=\"d75003f\" data-element_type=\"widget\" data-widget_type=\"image.default\">\n\t\t\t\t\t\t\t\t\t\t\t\t\t\t\t<img fetchpriority=\"high\" decoding=\"async\" width=\"600\" height=\"600\" src=\"https:\/\/www.thecircleprogrammes.com\/wp-content\/uploads\/2025\/11\/img-Mario-Castagnetta-new.jpg\" class=\"attachment-large size-large wp-image-5939\" alt=\"\" srcset=\"https:\/\/www.thecircleprogrammes.com\/wp-content\/uploads\/2025\/11\/img-Mario-Castagnetta-new.jpg 600w, https:\/\/www.thecircleprogrammes.com\/wp-content\/uploads\/2025\/11\/img-Mario-Castagnetta-new-300x300.jpg 300w, https:\/\/www.thecircleprogrammes.com\/wp-content\/uploads\/2025\/11\/img-Mario-Castagnetta-new-150x150.jpg 150w\" sizes=\"(max-width: 600px) 100vw, 600px\" \/>\t\t\t\t\t\t\t\t\t\t\t\t\t\t\t<\/div>\n\t\t<div class=\"elementor-element elementor-element-93d0b3d e-flex e-con-boxed e-con e-child\" data-id=\"93d0b3d\" data-element_type=\"container\">\n\t\t\t\t\t<div class=\"e-con-inner\">\n\t\t\t\t<div class=\"elementor-element elementor-element-64fc7f0b hover-primary elementor-widget elementor-widget-theme-post-title elementor-page-title elementor-widget-heading\" data-id=\"64fc7f0b\" data-element_type=\"widget\" data-widget_type=\"theme-post-title.default\">\n\t\t\t\t\t<p class=\"elementor-heading-title elementor-size-default\">Mario CASTAGNETTA<\/p>\t\t\t\t<\/div>\n\t\t\t\t<div class=\"elementor-element elementor-element-9a0a93d elementor-widget elementor-widget-heading\" data-id=\"9a0a93d\" data-element_type=\"widget\" data-widget_type=\"heading.default\">\n\t\t\t\t\t<p class=\"elementor-heading-title elementor-size-default\">Directeur du programme <\/p>\t\t\t\t<\/div>\n\t\t\t\t\t<\/div>\n\t\t\t\t<\/div>\n\t\t\t\t<\/a>\n\t\t\t\t<\/div>\n\t\t\t\t<div data-elementor-type=\"loop-item\" data-elementor-id=\"666\" class=\"elementor elementor-666 e-loop-item e-loop-item-5997 post-5997 docente type-docente status-publish has-post-thumbnail hentry\" data-elementor-post-type=\"elementor_library\" data-custom-edit-handle=\"1\">\n\t\t\t<a class=\"elementor-element elementor-element-13acce0e e-con-full card-hover-effect e-transform e-flex e-con e-parent\" data-id=\"13acce0e\" data-element_type=\"container\" data-settings=\"{&quot;_transform_translateY_effect_hover&quot;:{&quot;unit&quot;:&quot;px&quot;,&quot;size&quot;:10,&quot;sizes&quot;:[]},&quot;_transform_translateX_effect_hover&quot;:{&quot;unit&quot;:&quot;px&quot;,&quot;size&quot;:&quot;&quot;,&quot;sizes&quot;:[]},&quot;_transform_translateX_effect_hover_laptop&quot;:{&quot;unit&quot;:&quot;px&quot;,&quot;size&quot;:&quot;&quot;,&quot;sizes&quot;:[]},&quot;_transform_translateX_effect_hover_tablet_extra&quot;:{&quot;unit&quot;:&quot;px&quot;,&quot;size&quot;:&quot;&quot;,&quot;sizes&quot;:[]},&quot;_transform_translateX_effect_hover_tablet&quot;:{&quot;unit&quot;:&quot;px&quot;,&quot;size&quot;:&quot;&quot;,&quot;sizes&quot;:[]},&quot;_transform_translateX_effect_hover_mobile_extra&quot;:{&quot;unit&quot;:&quot;px&quot;,&quot;size&quot;:&quot;&quot;,&quot;sizes&quot;:[]},&quot;_transform_translateX_effect_hover_mobile&quot;:{&quot;unit&quot;:&quot;px&quot;,&quot;size&quot;:&quot;&quot;,&quot;sizes&quot;:[]},&quot;_transform_translateY_effect_hover_laptop&quot;:{&quot;unit&quot;:&quot;px&quot;,&quot;size&quot;:&quot;&quot;,&quot;sizes&quot;:[]},&quot;_transform_translateY_effect_hover_tablet_extra&quot;:{&quot;unit&quot;:&quot;px&quot;,&quot;size&quot;:&quot;&quot;,&quot;sizes&quot;:[]},&quot;_transform_translateY_effect_hover_tablet&quot;:{&quot;unit&quot;:&quot;px&quot;,&quot;size&quot;:&quot;&quot;,&quot;sizes&quot;:[]},&quot;_transform_translateY_effect_hover_mobile_extra&quot;:{&quot;unit&quot;:&quot;px&quot;,&quot;size&quot;:&quot;&quot;,&quot;sizes&quot;:[]},&quot;_transform_translateY_effect_hover_mobile&quot;:{&quot;unit&quot;:&quot;px&quot;,&quot;size&quot;:&quot;&quot;,&quot;sizes&quot;:[]}}\" href=\"https:\/\/www.thecircleprogrammes.com\/fr\/docente\/maria-giovanna-bianchi\/\">\n\t\t\t\t<div class=\"elementor-element elementor-element-d75003f elementor-widget elementor-widget-image\" data-id=\"d75003f\" data-element_type=\"widget\" data-widget_type=\"image.default\">\n\t\t\t\t\t\t\t\t\t\t\t\t\t\t\t<img decoding=\"async\" width=\"600\" height=\"600\" src=\"https:\/\/www.thecircleprogrammes.com\/wp-content\/uploads\/2026\/02\/img-Giovanni2135.jpg\" class=\"attachment-large size-large wp-image-5995\" alt=\"\" srcset=\"https:\/\/www.thecircleprogrammes.com\/wp-content\/uploads\/2026\/02\/img-Giovanni2135.jpg 600w, https:\/\/www.thecircleprogrammes.com\/wp-content\/uploads\/2026\/02\/img-Giovanni2135-300x300.jpg 300w, https:\/\/www.thecircleprogrammes.com\/wp-content\/uploads\/2026\/02\/img-Giovanni2135-150x150.jpg 150w\" sizes=\"(max-width: 600px) 100vw, 600px\" \/>\t\t\t\t\t\t\t\t\t\t\t\t\t\t\t<\/div>\n\t\t<div class=\"elementor-element elementor-element-93d0b3d e-flex e-con-boxed e-con e-child\" data-id=\"93d0b3d\" data-element_type=\"container\">\n\t\t\t\t\t<div class=\"e-con-inner\">\n\t\t\t\t<div class=\"elementor-element elementor-element-64fc7f0b hover-primary elementor-widget elementor-widget-theme-post-title elementor-page-title elementor-widget-heading\" data-id=\"64fc7f0b\" data-element_type=\"widget\" data-widget_type=\"theme-post-title.default\">\n\t\t\t\t\t<p class=\"elementor-heading-title elementor-size-default\">Maria Giovanna Bianchi<\/p>\t\t\t\t<\/div>\n\t\t\t\t\t<\/div>\n\t\t\t\t<\/div>\n\t\t\t\t<\/a>\n\t\t\t\t<\/div>\n\t\t\t\t<div data-elementor-type=\"loop-item\" data-elementor-id=\"666\" class=\"elementor elementor-666 e-loop-item e-loop-item-6003 post-6003 docente type-docente status-publish has-post-thumbnail hentry\" data-elementor-post-type=\"elementor_library\" data-custom-edit-handle=\"1\">\n\t\t\t<a class=\"elementor-element elementor-element-13acce0e e-con-full card-hover-effect e-transform e-flex e-con e-parent\" data-id=\"13acce0e\" data-element_type=\"container\" data-settings=\"{&quot;_transform_translateY_effect_hover&quot;:{&quot;unit&quot;:&quot;px&quot;,&quot;size&quot;:10,&quot;sizes&quot;:[]},&quot;_transform_translateX_effect_hover&quot;:{&quot;unit&quot;:&quot;px&quot;,&quot;size&quot;:&quot;&quot;,&quot;sizes&quot;:[]},&quot;_transform_translateX_effect_hover_laptop&quot;:{&quot;unit&quot;:&quot;px&quot;,&quot;size&quot;:&quot;&quot;,&quot;sizes&quot;:[]},&quot;_transform_translateX_effect_hover_tablet_extra&quot;:{&quot;unit&quot;:&quot;px&quot;,&quot;size&quot;:&quot;&quot;,&quot;sizes&quot;:[]},&quot;_transform_translateX_effect_hover_tablet&quot;:{&quot;unit&quot;:&quot;px&quot;,&quot;size&quot;:&quot;&quot;,&quot;sizes&quot;:[]},&quot;_transform_translateX_effect_hover_mobile_extra&quot;:{&quot;unit&quot;:&quot;px&quot;,&quot;size&quot;:&quot;&quot;,&quot;sizes&quot;:[]},&quot;_transform_translateX_effect_hover_mobile&quot;:{&quot;unit&quot;:&quot;px&quot;,&quot;size&quot;:&quot;&quot;,&quot;sizes&quot;:[]},&quot;_transform_translateY_effect_hover_laptop&quot;:{&quot;unit&quot;:&quot;px&quot;,&quot;size&quot;:&quot;&quot;,&quot;sizes&quot;:[]},&quot;_transform_translateY_effect_hover_tablet_extra&quot;:{&quot;unit&quot;:&quot;px&quot;,&quot;size&quot;:&quot;&quot;,&quot;sizes&quot;:[]},&quot;_transform_translateY_effect_hover_tablet&quot;:{&quot;unit&quot;:&quot;px&quot;,&quot;size&quot;:&quot;&quot;,&quot;sizes&quot;:[]},&quot;_transform_translateY_effect_hover_mobile_extra&quot;:{&quot;unit&quot;:&quot;px&quot;,&quot;size&quot;:&quot;&quot;,&quot;sizes&quot;:[]},&quot;_transform_translateY_effect_hover_mobile&quot;:{&quot;unit&quot;:&quot;px&quot;,&quot;size&quot;:&quot;&quot;,&quot;sizes&quot;:[]}}\" href=\"https:\/\/www.thecircleprogrammes.com\/fr\/docente\/elisabetta-pasini\/\">\n\t\t\t\t<div class=\"elementor-element elementor-element-d75003f elementor-widget elementor-widget-image\" data-id=\"d75003f\" data-element_type=\"widget\" data-widget_type=\"image.default\">\n\t\t\t\t\t\t\t\t\t\t\t\t\t\t\t<img decoding=\"async\" width=\"600\" height=\"600\" src=\"https:\/\/www.thecircleprogrammes.com\/wp-content\/uploads\/2026\/02\/img-Elisabetta-Pasini.jpg\" class=\"attachment-large size-large wp-image-5998\" alt=\"\" srcset=\"https:\/\/www.thecircleprogrammes.com\/wp-content\/uploads\/2026\/02\/img-Elisabetta-Pasini.jpg 600w, https:\/\/www.thecircleprogrammes.com\/wp-content\/uploads\/2026\/02\/img-Elisabetta-Pasini-300x300.jpg 300w, https:\/\/www.thecircleprogrammes.com\/wp-content\/uploads\/2026\/02\/img-Elisabetta-Pasini-150x150.jpg 150w\" sizes=\"(max-width: 600px) 100vw, 600px\" \/>\t\t\t\t\t\t\t\t\t\t\t\t\t\t\t<\/div>\n\t\t<div class=\"elementor-element elementor-element-93d0b3d e-flex e-con-boxed e-con e-child\" data-id=\"93d0b3d\" data-element_type=\"container\">\n\t\t\t\t\t<div class=\"e-con-inner\">\n\t\t\t\t<div class=\"elementor-element elementor-element-64fc7f0b hover-primary elementor-widget elementor-widget-theme-post-title elementor-page-title elementor-widget-heading\" data-id=\"64fc7f0b\" data-element_type=\"widget\" data-widget_type=\"theme-post-title.default\">\n\t\t\t\t\t<p class=\"elementor-heading-title elementor-size-default\">Elisabetta PASINI<\/p>\t\t\t\t<\/div>\n\t\t\t\t\t<\/div>\n\t\t\t\t<\/div>\n\t\t\t\t<\/a>\n\t\t\t\t<\/div>\n\t\t\t\t<div data-elementor-type=\"loop-item\" data-elementor-id=\"666\" class=\"elementor elementor-666 e-loop-item e-loop-item-6037 post-6037 docente type-docente status-publish has-post-thumbnail hentry\" data-elementor-post-type=\"elementor_library\" data-custom-edit-handle=\"1\">\n\t\t\t<a class=\"elementor-element elementor-element-13acce0e e-con-full card-hover-effect e-transform e-flex e-con e-parent\" data-id=\"13acce0e\" data-element_type=\"container\" data-settings=\"{&quot;_transform_translateY_effect_hover&quot;:{&quot;unit&quot;:&quot;px&quot;,&quot;size&quot;:10,&quot;sizes&quot;:[]},&quot;_transform_translateX_effect_hover&quot;:{&quot;unit&quot;:&quot;px&quot;,&quot;size&quot;:&quot;&quot;,&quot;sizes&quot;:[]},&quot;_transform_translateX_effect_hover_laptop&quot;:{&quot;unit&quot;:&quot;px&quot;,&quot;size&quot;:&quot;&quot;,&quot;sizes&quot;:[]},&quot;_transform_translateX_effect_hover_tablet_extra&quot;:{&quot;unit&quot;:&quot;px&quot;,&quot;size&quot;:&quot;&quot;,&quot;sizes&quot;:[]},&quot;_transform_translateX_effect_hover_tablet&quot;:{&quot;unit&quot;:&quot;px&quot;,&quot;size&quot;:&quot;&quot;,&quot;sizes&quot;:[]},&quot;_transform_translateX_effect_hover_mobile_extra&quot;:{&quot;unit&quot;:&quot;px&quot;,&quot;size&quot;:&quot;&quot;,&quot;sizes&quot;:[]},&quot;_transform_translateX_effect_hover_mobile&quot;:{&quot;unit&quot;:&quot;px&quot;,&quot;size&quot;:&quot;&quot;,&quot;sizes&quot;:[]},&quot;_transform_translateY_effect_hover_laptop&quot;:{&quot;unit&quot;:&quot;px&quot;,&quot;size&quot;:&quot;&quot;,&quot;sizes&quot;:[]},&quot;_transform_translateY_effect_hover_tablet_extra&quot;:{&quot;unit&quot;:&quot;px&quot;,&quot;size&quot;:&quot;&quot;,&quot;sizes&quot;:[]},&quot;_transform_translateY_effect_hover_tablet&quot;:{&quot;unit&quot;:&quot;px&quot;,&quot;size&quot;:&quot;&quot;,&quot;sizes&quot;:[]},&quot;_transform_translateY_effect_hover_mobile_extra&quot;:{&quot;unit&quot;:&quot;px&quot;,&quot;size&quot;:&quot;&quot;,&quot;sizes&quot;:[]},&quot;_transform_translateY_effect_hover_mobile&quot;:{&quot;unit&quot;:&quot;px&quot;,&quot;size&quot;:&quot;&quot;,&quot;sizes&quot;:[]}}\" href=\"https:\/\/www.thecircleprogrammes.com\/fr\/docente\/cristina-guarneri\/\">\n\t\t\t\t<div class=\"elementor-element elementor-element-d75003f elementor-widget elementor-widget-image\" data-id=\"d75003f\" data-element_type=\"widget\" data-widget_type=\"image.default\">\n\t\t\t\t\t\t\t\t\t\t\t\t\t\t\t<img loading=\"lazy\" decoding=\"async\" width=\"600\" height=\"600\" src=\"https:\/\/www.thecircleprogrammes.com\/wp-content\/uploads\/2026\/02\/img-Cristina-Guarneri.jpg\" class=\"attachment-large size-large wp-image-6035\" alt=\"\" srcset=\"https:\/\/www.thecircleprogrammes.com\/wp-content\/uploads\/2026\/02\/img-Cristina-Guarneri.jpg 600w, https:\/\/www.thecircleprogrammes.com\/wp-content\/uploads\/2026\/02\/img-Cristina-Guarneri-300x300.jpg 300w, https:\/\/www.thecircleprogrammes.com\/wp-content\/uploads\/2026\/02\/img-Cristina-Guarneri-150x150.jpg 150w\" sizes=\"(max-width: 600px) 100vw, 600px\" \/>\t\t\t\t\t\t\t\t\t\t\t\t\t\t\t<\/div>\n\t\t<div class=\"elementor-element elementor-element-93d0b3d e-flex e-con-boxed e-con e-child\" data-id=\"93d0b3d\" data-element_type=\"container\">\n\t\t\t\t\t<div class=\"e-con-inner\">\n\t\t\t\t<div class=\"elementor-element elementor-element-64fc7f0b hover-primary elementor-widget elementor-widget-theme-post-title elementor-page-title elementor-widget-heading\" data-id=\"64fc7f0b\" data-element_type=\"widget\" data-widget_type=\"theme-post-title.default\">\n\t\t\t\t\t<p class=\"elementor-heading-title elementor-size-default\">Cristina Guarneri<\/p>\t\t\t\t<\/div>\n\t\t\t\t\t<\/div>\n\t\t\t\t<\/div>\n\t\t\t\t<\/a>\n\t\t\t\t<\/div>\n\t\t\t\t<div data-elementor-type=\"loop-item\" data-elementor-id=\"666\" class=\"elementor elementor-666 e-loop-item e-loop-item-6589 post-6589 docente type-docente status-publish has-post-thumbnail hentry\" data-elementor-post-type=\"elementor_library\" data-custom-edit-handle=\"1\">\n\t\t\t<a class=\"elementor-element elementor-element-13acce0e e-con-full card-hover-effect e-transform e-flex e-con e-parent\" data-id=\"13acce0e\" data-element_type=\"container\" data-settings=\"{&quot;_transform_translateY_effect_hover&quot;:{&quot;unit&quot;:&quot;px&quot;,&quot;size&quot;:10,&quot;sizes&quot;:[]},&quot;_transform_translateX_effect_hover&quot;:{&quot;unit&quot;:&quot;px&quot;,&quot;size&quot;:&quot;&quot;,&quot;sizes&quot;:[]},&quot;_transform_translateX_effect_hover_laptop&quot;:{&quot;unit&quot;:&quot;px&quot;,&quot;size&quot;:&quot;&quot;,&quot;sizes&quot;:[]},&quot;_transform_translateX_effect_hover_tablet_extra&quot;:{&quot;unit&quot;:&quot;px&quot;,&quot;size&quot;:&quot;&quot;,&quot;sizes&quot;:[]},&quot;_transform_translateX_effect_hover_tablet&quot;:{&quot;unit&quot;:&quot;px&quot;,&quot;size&quot;:&quot;&quot;,&quot;sizes&quot;:[]},&quot;_transform_translateX_effect_hover_mobile_extra&quot;:{&quot;unit&quot;:&quot;px&quot;,&quot;size&quot;:&quot;&quot;,&quot;sizes&quot;:[]},&quot;_transform_translateX_effect_hover_mobile&quot;:{&quot;unit&quot;:&quot;px&quot;,&quot;size&quot;:&quot;&quot;,&quot;sizes&quot;:[]},&quot;_transform_translateY_effect_hover_laptop&quot;:{&quot;unit&quot;:&quot;px&quot;,&quot;size&quot;:&quot;&quot;,&quot;sizes&quot;:[]},&quot;_transform_translateY_effect_hover_tablet_extra&quot;:{&quot;unit&quot;:&quot;px&quot;,&quot;size&quot;:&quot;&quot;,&quot;sizes&quot;:[]},&quot;_transform_translateY_effect_hover_tablet&quot;:{&quot;unit&quot;:&quot;px&quot;,&quot;size&quot;:&quot;&quot;,&quot;sizes&quot;:[]},&quot;_transform_translateY_effect_hover_mobile_extra&quot;:{&quot;unit&quot;:&quot;px&quot;,&quot;size&quot;:&quot;&quot;,&quot;sizes&quot;:[]},&quot;_transform_translateY_effect_hover_mobile&quot;:{&quot;unit&quot;:&quot;px&quot;,&quot;size&quot;:&quot;&quot;,&quot;sizes&quot;:[]}}\" href=\"https:\/\/www.thecircleprogrammes.com\/fr\/docente\/antonio-karim-lanfranchi\/\">\n\t\t\t\t<div class=\"elementor-element elementor-element-d75003f elementor-widget elementor-widget-image\" data-id=\"d75003f\" data-element_type=\"widget\" data-widget_type=\"image.default\">\n\t\t\t\t\t\t\t\t\t\t\t\t\t\t\t<img loading=\"lazy\" decoding=\"async\" width=\"768\" height=\"1024\" src=\"https:\/\/www.thecircleprogrammes.com\/wp-content\/uploads\/2026\/03\/Antonio-Karim-Lanfranchi.jpg\" class=\"attachment-large size-large wp-image-6587\" alt=\"\" srcset=\"https:\/\/www.thecircleprogrammes.com\/wp-content\/uploads\/2026\/03\/Antonio-Karim-Lanfranchi.jpg 768w, https:\/\/www.thecircleprogrammes.com\/wp-content\/uploads\/2026\/03\/Antonio-Karim-Lanfranchi-225x300.jpg 225w\" sizes=\"(max-width: 768px) 100vw, 768px\" \/>\t\t\t\t\t\t\t\t\t\t\t\t\t\t\t<\/div>\n\t\t<div class=\"elementor-element elementor-element-93d0b3d e-flex e-con-boxed e-con e-child\" data-id=\"93d0b3d\" data-element_type=\"container\">\n\t\t\t\t\t<div class=\"e-con-inner\">\n\t\t\t\t<div class=\"elementor-element elementor-element-64fc7f0b hover-primary elementor-widget elementor-widget-theme-post-title elementor-page-title elementor-widget-heading\" data-id=\"64fc7f0b\" data-element_type=\"widget\" data-widget_type=\"theme-post-title.default\">\n\t\t\t\t\t<p class=\"elementor-heading-title elementor-size-default\">Antonio Karim LANFRANCHI<\/p>\t\t\t\t<\/div>\n\t\t\t\t\t<\/div>\n\t\t\t\t<\/div>\n\t\t\t\t<\/a>\n\t\t\t\t<\/div>\n\t\t\t\t<\/div>\n\t\t\n\t\t\t\t\t\t<\/div>\n\t\t\t\t<\/div>\n\t\t\t\t\t<\/div>\n\t\t\t\t<\/div>\n\t\t\t\t<\/div>\n\t\t","protected":false},"excerpt":{"rendered":"<p>L\u2019Equipe The Circle L&rsquo;\u00e9quipe du Circle est compos\u00e9e de Coachs Ex\u00e9cutifs form\u00e9s et dipl\u00f4m\u00e9s en tant que Psychoth\u00e9rapeutes et\/ou Psychologues. Leur exp\u00e9rience et leurs qualifications vous permettront d&rsquo;aller plus loin [&hellip;]<\/p>\n","protected":false},"author":1,"featured_media":0,"parent":0,"menu_order":0,"comment_status":"closed","ping_status":"closed","template":"","meta":{"_acf_changed":false,"footnotes":""},"class_list":["post-5512","page","type-page","status-publish","hentry"],"acf":[],"_links":{"self":[{"href":"https:\/\/www.thecircleprogrammes.com\/fr\/wp-json\/wp\/v2\/pages\/5512","targetHints":{"allow":["GET"]}}],"collection":[{"href":"https:\/\/www.thecircleprogrammes.com\/fr\/wp-json\/wp\/v2\/pages"}],"about":[{"href":"https:\/\/www.thecircleprogrammes.com\/fr\/wp-json\/wp\/v2\/types\/page"}],"author":[{"embeddable":true,"href":"https:\/\/www.thecircleprogrammes.com\/fr\/wp-json\/wp\/v2\/users\/1"}],"replies":[{"embeddable":true,"href":"https:\/\/www.thecircleprogrammes.com\/fr\/wp-json\/wp\/v2\/comments?post=5512"}],"version-history":[{"count":8,"href":"https:\/\/www.thecircleprogrammes.com\/fr\/wp-json\/wp\/v2\/pages\/5512\/revisions"}],"predecessor-version":[{"id":6566,"href":"https:\/\/www.thecircleprogrammes.com\/fr\/wp-json\/wp\/v2\/pages\/5512\/revisions\/6566"}],"wp:attachment":[{"href":"https:\/\/www.thecircleprogrammes.com\/fr\/wp-json\/wp\/v2\/media?parent=5512"}],"curies":[{"name":"wp","href":"https:\/\/api.w.org\/{rel}","templated":true}]}}