{"id":5867,"date":"2025-11-20T14:12:57","date_gmt":"2025-11-20T13:12:57","guid":{"rendered":"https:\/\/www.thecircleprogrammes.com\/the-power-of-the-symbol\/"},"modified":"2026-02-16T08:25:34","modified_gmt":"2026-02-16T07:25:34","slug":"le-pouvoir-du-symbole","status":"publish","type":"page","link":"https:\/\/www.thecircleprogrammes.com\/fr\/le-pouvoir-du-symbole\/","title":{"rendered":"Le Pouvoir du Symbole"},"content":{"rendered":"\t\t<div data-elementor-type=\"wp-page\" data-elementor-id=\"5867\" class=\"elementor elementor-5867 elementor-278\" data-elementor-post-type=\"page\">\n\t\t\t\t<div class=\"elementor-element elementor-element-c550cf7 e-flex e-con-boxed e-con e-parent\" data-id=\"c550cf7\" data-element_type=\"container\">\n\t\t\t\t\t<div class=\"e-con-inner\">\n\t\t<div class=\"elementor-element elementor-element-fae2b54 e-flex e-con-boxed e-con e-child\" data-id=\"fae2b54\" data-element_type=\"container\">\n\t\t\t\t\t<div class=\"e-con-inner\">\n\t\t\t\t<div class=\"elementor-element elementor-element-19312ea elementor-widget elementor-widget-video\" data-id=\"19312ea\" data-element_type=\"widget\" data-settings=\"{&quot;video_type&quot;:&quot;hosted&quot;,&quot;autoplay&quot;:&quot;yes&quot;,&quot;play_on_mobile&quot;:&quot;yes&quot;,&quot;mute&quot;:&quot;yes&quot;,&quot;loop&quot;:&quot;yes&quot;,&quot;controls&quot;:&quot;yes&quot;}\" data-widget_type=\"video.default\">\n\t\t\t\t\t\t\t<div class=\"e-hosted-video elementor-wrapper elementor-open-inline\">\n\t\t\t\t\t<video class=\"elementor-video\" src=\"https:\/\/www.thecircleprogrammes.com\/wp-content\/uploads\/2026\/01\/Video_final_theCircle.mp4\" autoplay=\"\" loop=\"\" controls=\"\" muted=\"muted\" playsinline=\"\"><\/video>\n\t\t\t\t<\/div>\n\t\t\t\t\t\t<\/div>\n\t\t\t\t\t<\/div>\n\t\t\t\t<\/div>\n\t\t<div class=\"elementor-element elementor-element-78fee58 e-flex e-con-boxed e-con e-child\" data-id=\"78fee58\" data-element_type=\"container\">\n\t\t\t\t\t<div class=\"e-con-inner\">\n\t\t\t\t<div class=\"elementor-element elementor-element-ce49962 elementor-widget__width-inherit elementor-widget elementor-widget-heading\" data-id=\"ce49962\" data-element_type=\"widget\" data-widget_type=\"heading.default\">\n\t\t\t\t\t<h1 class=\"elementor-heading-title elementor-size-default\">Le Pouvoir du Symbole<\/h1>\t\t\t\t<\/div>\n\t\t\t\t<div class=\"elementor-element elementor-element-eb79657 elementor-widget__width-initial elementor-widget elementor-widget-heading\" data-id=\"eb79657\" data-element_type=\"widget\" data-widget_type=\"heading.default\">\n\t\t\t\t\t<p class=\"elementor-heading-title elementor-size-default\">Entretien avec Mario Castagnetta <\/p>\t\t\t\t<\/div>\n\t\t\t\t<div class=\"elementor-element elementor-element-f6db09f elementor-widget elementor-widget-text-editor\" data-id=\"f6db09f\" data-element_type=\"widget\" data-widget_type=\"text-editor.default\">\n\t\t\t\t\t\t\t\t\tQuestions pos\u00e9es par Simone :\t\t\t\t\t\t\t\t<\/div>\n\t\t\t\t<div class=\"elementor-element elementor-element-eed05ad elementor-widget elementor-widget-text-editor\" data-id=\"eed05ad\" data-element_type=\"widget\" data-widget_type=\"text-editor.default\">\n\t\t\t\t\t\t\t\t\tSimone Reeves interviewe Mario Castagnetta, Directeur du Programme The Circle, au sujet du programme et de ses diff\u00e9rentes composantes. Dans la premi\u00e8re partie, Simone explore les raisons pour lesquelles The Circle a \u00e9t\u00e9 une source d&rsquo;inspiration pour Mario. L&rsquo;entretien se poursuit avec une description des diff\u00e9rents \u00e9l\u00e9ments qui composent \u00e0 la fois le programme en ligne et le programme en pr\u00e9sentiel. \u00c9coutez cet entretien pour comprendre le parcours qui a conduit Mario \u00e0 cr\u00e9er ces programmes et sa contribution souhait\u00e9e au d\u00e9veloppement de nombreuses personnes.\t\t\t\t\t\t\t\t<\/div>\n\t\t\t\t\t<\/div>\n\t\t\t\t<\/div>\n\t\t\t\t\t<\/div>\n\t\t\t\t<\/div>\n\t\t<div class=\"elementor-element elementor-element-7eb558f e-flex e-con-boxed e-con e-parent\" data-id=\"7eb558f\" data-element_type=\"container\">\n\t\t\t\t\t<div class=\"e-con-inner\">\n\t\t\t\t\t<\/div>\n\t\t\t\t<\/div>\n\t\t\t\t<\/div>\n\t\t","protected":false},"excerpt":{"rendered":"<p>https:\/\/www.thecircleprogrammes.com\/wp-content\/uploads\/2026\/01\/Video_final_theCircle.mp4 Le Pouvoir du Symbole Entretien avec Mario Castagnetta Questions pos\u00e9es par Simone :Simone Reeves interviewe Mario Castagnetta, Directeur du Programme The Circle, au sujet du programme et de ses [&hellip;]<\/p>\n","protected":false},"author":1,"featured_media":0,"parent":0,"menu_order":0,"comment_status":"closed","ping_status":"closed","template":"","meta":{"_acf_changed":false,"footnotes":""},"class_list":["post-5867","page","type-page","status-publish","hentry"],"acf":[],"_links":{"self":[{"href":"https:\/\/www.thecircleprogrammes.com\/fr\/wp-json\/wp\/v2\/pages\/5867","targetHints":{"allow":["GET"]}}],"collection":[{"href":"https:\/\/www.thecircleprogrammes.com\/fr\/wp-json\/wp\/v2\/pages"}],"about":[{"href":"https:\/\/www.thecircleprogrammes.com\/fr\/wp-json\/wp\/v2\/types\/page"}],"author":[{"embeddable":true,"href":"https:\/\/www.thecircleprogrammes.com\/fr\/wp-json\/wp\/v2\/users\/1"}],"replies":[{"embeddable":true,"href":"https:\/\/www.thecircleprogrammes.com\/fr\/wp-json\/wp\/v2\/comments?post=5867"}],"version-history":[{"count":4,"href":"https:\/\/www.thecircleprogrammes.com\/fr\/wp-json\/wp\/v2\/pages\/5867\/revisions"}],"predecessor-version":[{"id":5872,"href":"https:\/\/www.thecircleprogrammes.com\/fr\/wp-json\/wp\/v2\/pages\/5867\/revisions\/5872"}],"wp:attachment":[{"href":"https:\/\/www.thecircleprogrammes.com\/fr\/wp-json\/wp\/v2\/media?parent=5867"}],"curies":[{"name":"wp","href":"https:\/\/api.w.org\/{rel}","templated":true}]}}