{"id":6445,"date":"2025-11-28T10:47:15","date_gmt":"2025-11-28T09:47:15","guid":{"rendered":"https:\/\/www.thecircleprogrammes.com\/login-reserved-area\/"},"modified":"2026-02-18T11:28:03","modified_gmt":"2026-02-18T10:28:03","slug":"login-reserved-area","status":"publish","type":"page","link":"https:\/\/www.thecircleprogrammes.com\/fr\/login-reserved-area\/","title":{"rendered":"Login private area"},"content":{"rendered":"\t\t<div data-elementor-type=\"wp-page\" data-elementor-id=\"6445\" class=\"elementor elementor-6445 elementor-2501\" data-elementor-post-type=\"page\">\n\t\t\t\t<div class=\"elementor-element elementor-element-63a8eacf e-flex e-con-boxed e-con e-parent\" data-id=\"63a8eacf\" data-element_type=\"container\">\n\t\t\t\t\t<div class=\"e-con-inner\">\n\t\t\t\t<div class=\"elementor-element elementor-element-c4439f4 elementor-widget elementor-widget-heading\" data-id=\"c4439f4\" data-element_type=\"widget\" data-widget_type=\"heading.default\">\n\t\t\t\t\t<p class=\"elementor-heading-title elementor-size-default\">Se connecter<\/p>\t\t\t\t<\/div>\n\t\t\t\t<div class=\"elementor-element elementor-element-35af09f elementor-widget__width-initial elementor-widget elementor-widget-login\" data-id=\"35af09f\" data-element_type=\"widget\" data-widget_type=\"login.default\">\n\t\t\t\t\t\t\t<form class=\"elementor-login elementor-form\" method=\"post\" action=\"https:\/\/www.thecircleprogrammes.com\/wp-login.php\" aria-label=\"Login form\">\n\t\t\t<input type=\"hidden\" name=\"redirect_to\" value=\"https:\/\/www.thecircleprogrammes.com\/login-reserved-area\/\">\n\t\t\t<div class=\"elementor-form-fields-wrapper\">\n\t\t\t\t<div class=\"elementor-field-type-text elementor-field-group elementor-column elementor-col-100 elementor-field-required\">\n\t\t\t\t\t<label for=\"user-35af09f\" class=\"elementor-field-label\">Nom d'utilisateur <\/label>\n\t\t\t\t\t<input size=\"1\" type=\"text\" name=\"log\" id=\"user-35af09f\" placeholder=\"\" class=\"elementor-field elementor-field-textual elementor-size-sm\">\n\t\t\t\t<\/div>\n\t\t\t\t<div class=\"elementor-field-type-text elementor-field-group elementor-column elementor-col-100 elementor-field-required\">\n\t\t\t\t\t<label for=\"password-35af09f\" class=\"elementor-field-label\">Mot de passe<\/label>\n\t\t\t\t\t<input size=\"1\" type=\"password\" name=\"pwd\" id=\"password-35af09f\" placeholder=\"\" class=\"elementor-field elementor-field-textual elementor-size-sm\">\n\t\t\t\t<\/div>\n\n\t\t\t\t\t\t\t\t\t<div class=\"elementor-field-type-checkbox elementor-field-group elementor-column elementor-col-100 elementor-remember-me\">\n\t\t\t\t\t\t<label for=\"elementor-login-remember-me\">\n\t\t\t\t\t\t\t<input type=\"checkbox\" id=\"elementor-login-remember-me\" name=\"rememberme\" value=\"forever\">\n\t\t\t\t\t\t\tSe souvenir de moi\t\t\t\t\t\t<\/label>\n\t\t\t\t\t<\/div>\n\t\t\t\t\n\t\t\t\t<div class=\"elementor-field-group elementor-column elementor-field-type-submit elementor-col-100\">\n\t\t\t\t\t<button type=\"submit\" class=\"elementor-size-sm elementor-button\" name=\"wp-submit\">\n\t\t\t\t\t\t\t\t\t\t\t\t\t\t\t<span class=\"elementor-button-text\">Se connecter<\/span>\n\t\t\t\t\t\t\t\t\t\t\t\t<\/button>\n\t\t\t\t<\/div>\n\n\t\t\t\t\t\t\t\t\t<div class=\"elementor-field-group elementor-column elementor-col-100\">\n\t\t\t\t\t\t\t\t\t\t\t\t\t\t\t\t\t\t\t\t<a class=\"elementor-lost-password\" href=\"https:\/\/www.thecircleprogrammes.com\/wp-login.php?action=lostpassword&redirect_to=https%3A%2F%2Fwww.thecircleprogrammes.com%2Flogin-reserved-area%2F\">\n\t\t\t\t\t\t\t\tMot de passe perdu\u00a0?\t\t\t\t\t\t\t<\/a>\n\t\t\t\t\t\t\n\t\t\t\t\t\t\t\t\t\t\t<\/div>\n\t\t\t\t\t\t\t<\/div>\n\t\t<\/form>\n\t\t\t\t\t\t<\/div>\n\t\t\t\t\t<\/div>\n\t\t\t\t<\/div>\n\t\t\t\t<\/div>\n\t\t","protected":false},"excerpt":{"rendered":"<p>Espace r\u00e9serv\u00e9 Modules Podcast Changer le mot de passe Logout Salut Cet espace est r\u00e9serv\u00e9 aux participants du programme et contient : Le mat\u00e9riel pr\u00e9sent\u00e9 au cours de chaque module [&hellip;]<\/p>\n","protected":false},"author":1,"featured_media":0,"parent":0,"menu_order":0,"comment_status":"closed","ping_status":"closed","template":"","meta":{"_acf_changed":false,"footnotes":""},"class_list":["post-6445","page","type-page","status-publish","hentry"],"acf":[],"_links":{"self":[{"href":"https:\/\/www.thecircleprogrammes.com\/fr\/wp-json\/wp\/v2\/pages\/6445","targetHints":{"allow":["GET"]}}],"collection":[{"href":"https:\/\/www.thecircleprogrammes.com\/fr\/wp-json\/wp\/v2\/pages"}],"about":[{"href":"https:\/\/www.thecircleprogrammes.com\/fr\/wp-json\/wp\/v2\/types\/page"}],"author":[{"embeddable":true,"href":"https:\/\/www.thecircleprogrammes.com\/fr\/wp-json\/wp\/v2\/users\/1"}],"replies":[{"embeddable":true,"href":"https:\/\/www.thecircleprogrammes.com\/fr\/wp-json\/wp\/v2\/comments?post=6445"}],"version-history":[{"count":15,"href":"https:\/\/www.thecircleprogrammes.com\/fr\/wp-json\/wp\/v2\/pages\/6445\/revisions"}],"predecessor-version":[{"id":6469,"href":"https:\/\/www.thecircleprogrammes.com\/fr\/wp-json\/wp\/v2\/pages\/6445\/revisions\/6469"}],"wp:attachment":[{"href":"https:\/\/www.thecircleprogrammes.com\/fr\/wp-json\/wp\/v2\/media?parent=6445"}],"curies":[{"name":"wp","href":"https:\/\/api.w.org\/{rel}","templated":true}]}}